{"id":3531,"date":"2024-04-03T16:37:16","date_gmt":"2024-04-03T16:37:16","guid":{"rendered":"https:\/\/vytal-group.com\/carrieres\/"},"modified":"2024-05-09T20:40:00","modified_gmt":"2024-05-09T20:40:00","slug":"carrieres","status":"publish","type":"page","link":"https:\/\/vytal-group.com\/fr\/carrieres\/","title":{"rendered":"Carri\u00e8res"},"content":{"rendered":"\t\t<div data-elementor-type=\"wp-page\" data-elementor-id=\"3531\" class=\"elementor elementor-3531 elementor-120\" data-elementor-post-type=\"page\">\n\t\t\t\t\t\t<section class=\"elementor-section elementor-top-section elementor-element elementor-element-c808901 elementor-section-boxed elementor-section-height-default elementor-section-height-default\" data-id=\"c808901\" data-element_type=\"section\" data-e-type=\"section\">\n\t\t\t\t\t\t<div class=\"elementor-container elementor-column-gap-default\">\n\t\t\t\t\t<div class=\"elementor-column elementor-col-50 elementor-top-column elementor-element elementor-element-2141cef\" data-id=\"2141cef\" data-element_type=\"column\" data-e-type=\"column\">\n\t\t\t<div class=\"elementor-widget-wrap elementor-element-populated\">\n\t\t\t\t\t\t<div class=\"elementor-element elementor-element-4974f27 elementor-widget__width-auto elementor-widget-mobile__width-inherit elementor-widget elementor-widget-heading\" data-id=\"4974f27\" data-element_type=\"widget\" data-e-type=\"widget\" data-widget_type=\"heading.default\">\n\t\t\t\t\t<h2 class=\"elementor-heading-title elementor-size-default\">Carri\u00e8res<\/h2>\t\t\t\t<\/div>\n\t\t\t\t<div class=\"elementor-element elementor-element-a815e75 elementor-widget__width-auto elementor-widget elementor-widget-image\" data-id=\"a815e75\" data-element_type=\"widget\" data-e-type=\"widget\" data-widget_type=\"image.default\">\n\t\t\t\t\t\t\t\t\t\t\t\t\t\t\t<img decoding=\"async\" width=\"140\" height=\"8\" src=\"https:\/\/vytal-group.com\/wp-content\/uploads\/2024\/05\/border-light2.png\" class=\"attachment-full size-full wp-image-3714\" alt=\"\" \/>\t\t\t\t\t\t\t\t\t\t\t\t\t\t\t<\/div>\n\t\t\t\t\t<\/div>\n\t\t<\/div>\n\t\t\t\t<div class=\"elementor-column elementor-col-50 elementor-top-column elementor-element elementor-element-9cb0102\" data-id=\"9cb0102\" data-element_type=\"column\" data-e-type=\"column\">\n\t\t\t<div class=\"elementor-widget-wrap elementor-element-populated\">\n\t\t\t\t\t\t<div class=\"elementor-element elementor-element-8df658c elementor-widget elementor-widget-text-editor\" data-id=\"8df658c\" data-element_type=\"widget\" data-e-type=\"widget\" data-widget_type=\"text-editor.default\">\n\t\t\t\t\t\t\t\t\t<p>Nous pensons que le talent donne le meilleur de lui-m\u00eame lorsqu\u2019il est associ\u00e9 \u00e0 l\u2019audace et \u00e0 la passion. Nous prosp\u00e9rons sous la pression gr\u00e2ce \u00e0 une culture qui nous permet de rester agiles, d\u2019apprendre rapidement et de faire en sorte que chaque r\u00e9ussite vaille la peine d\u2019\u00eatre c\u00e9l\u00e9br\u00e9e.<br \/><br \/><\/p><p>Notre approche globale \u00e9limine toutes les fronti\u00e8res, o\u00f9 que vous soyez.<br \/><br \/><\/p><p>Consultez les opportunit\u00e9s progressives ci-dessous et suivez notre page LinkedIn pour rejoindre notre \u00e9quipe en pleine croissance.<\/p>\t\t\t\t\t\t\t\t<\/div>\n\t\t\t\t<div class=\"elementor-element elementor-element-b95cee7 elementor-widget__width-auto elementor-widget elementor-widget-image\" data-id=\"b95cee7\" data-element_type=\"widget\" data-e-type=\"widget\" data-widget_type=\"image.default\">\n\t\t\t\t\t\t\t\t\t\t\t\t<figure class=\"wp-caption\">\n\t\t\t\t\t\t\t\t\t\t\t<a href=\"https:\/\/workforcenow.adp.com\/mascsr\/default\/mdf\/recruitment\/recruitment.html?cid=8efff84c-b93d-4b4d-b7a8-e1ee47037509&#038;ccId=19000101_000001&#038;lang=en_CA&#038;selectedMenuKey=CareerCenter\" target=\"_blank\">\n\t\t\t\t\t\t\t<img decoding=\"async\" src=\"https:\/\/vytal-group.com\/wp-content\/uploads\/elementor\/thumbs\/ADP-logo-qp18i4j2binm0xlxy80m1xw1azy3tyobhd2getj99w.jpg\" title=\"ADP-logo.jpg\" alt=\"ADP-logo.jpg\" loading=\"lazy\" \/>\t\t\t\t\t\t\t\t<\/a>\n\t\t\t\t\t\t\t\t\t\t\t<figcaption class=\"widget-image-caption wp-caption-text\">REJOINS NOTRE \u00c9QUIPE<\/figcaption>\n\t\t\t\t\t\t\t\t\t\t<\/figure>\n\t\t\t\t\t\t\t\t\t<\/div>\n\t\t\t\t<div class=\"elementor-element elementor-element-5165999 elementor-widget__width-initial elementor-widget elementor-widget-image\" data-id=\"5165999\" data-element_type=\"widget\" data-e-type=\"widget\" data-widget_type=\"image.default\">\n\t\t\t\t\t\t\t\t\t\t\t\t<figure class=\"wp-caption\">\n\t\t\t\t\t\t\t\t\t\t\t<a href=\"https:\/\/www.linkedin.com\/company\/9335263\/admin\/feed\/posts\/\" target=\"_blank\">\n\t\t\t\t\t\t\t<img decoding=\"async\" width=\"195\" height=\"54\" src=\"https:\/\/vytal-group.com\/wp-content\/uploads\/2024\/05\/linked_in_logo.jpg\" class=\"attachment-full size-full wp-image-3849\" alt=\"\" \/>\t\t\t\t\t\t\t\t<\/a>\n\t\t\t\t\t\t\t\t\t\t\t<figcaption class=\"widget-image-caption wp-caption-text\">EN SAVOIR PLUS<\/figcaption>\n\t\t\t\t\t\t\t\t\t\t<\/figure>\n\t\t\t\t\t\t\t\t\t<\/div>\n\t\t\t\t\t<\/div>\n\t\t<\/div>\n\t\t\t\t\t<\/div>\n\t\t<\/section>\n\t\t\t\t<section class=\"elementor-section elementor-top-section elementor-element elementor-element-cdfc1b8 elementor-section-full_width elementor-section-height-default elementor-section-height-default\" data-id=\"cdfc1b8\" data-element_type=\"section\" data-e-type=\"section\">\n\t\t\t\t\t\t<div class=\"elementor-container elementor-column-gap-default\">\n\t\t\t\t\t<div class=\"elementor-column elementor-col-100 elementor-top-column elementor-element elementor-element-a529121\" data-id=\"a529121\" data-element_type=\"column\" data-e-type=\"column\">\n\t\t\t<div class=\"elementor-widget-wrap elementor-element-populated\">\n\t\t\t\t\t\t<div class=\"elementor-element elementor-element-7cceb22 elementor-widget elementor-widget-image\" data-id=\"7cceb22\" data-element_type=\"widget\" data-e-type=\"widget\" data-widget_type=\"image.default\">\n\t\t\t\t\t\t\t\t\t\t\t\t\t\t\t<img fetchpriority=\"high\" decoding=\"async\" width=\"1386\" height=\"924\" src=\"https:\/\/vytal-group.com\/wp-content\/uploads\/2024\/05\/careers.jpg\" class=\"attachment-full size-full wp-image-3854\" alt=\"\" srcset=\"https:\/\/vytal-group.com\/wp-content\/uploads\/2024\/05\/careers.jpg 1386w, https:\/\/vytal-group.com\/wp-content\/uploads\/2024\/05\/careers-300x200.jpg 300w, https:\/\/vytal-group.com\/wp-content\/uploads\/2024\/05\/careers-1024x683.jpg 1024w, https:\/\/vytal-group.com\/wp-content\/uploads\/2024\/05\/careers-768x512.jpg 768w\" sizes=\"(max-width: 1386px) 100vw, 1386px\" \/>\t\t\t\t\t\t\t\t\t\t\t\t\t\t\t<\/div>\n\t\t\t\t\t<\/div>\n\t\t<\/div>\n\t\t\t\t\t<\/div>\n\t\t<\/section>\n\t\t\t\t<\/div>\n\t\t","protected":false},"excerpt":{"rendered":"<p>Carri\u00e8res Nous pensons que le talent donne le meilleur de lui-m\u00eame lorsqu\u2019il est associ\u00e9 \u00e0 l\u2019audace et \u00e0 la passion. Nous prosp\u00e9rons sous la pression gr\u00e2ce \u00e0 une culture qui nous permet de rester agiles, d\u2019apprendre rapidement et de faire en sorte que chaque r\u00e9ussite vaille la peine d\u2019\u00eatre c\u00e9l\u00e9br\u00e9e. Notre approche globale \u00e9limine toutes [&hellip;]<\/p>\n","protected":false},"author":2,"featured_media":0,"parent":0,"menu_order":0,"comment_status":"closed","ping_status":"closed","template":"","meta":{"nf_dc_page":"","footnotes":""},"class_list":["post-3531","page","type-page","status-publish","hentry"],"yoast_head":"<!-- This site is optimized with the Yoast SEO plugin v27.4 - https:\/\/yoast.com\/product\/yoast-seo-wordpress\/ -->\n<title>Carri\u00e8res - Vytal. Digital Infrastructure<\/title>\n<meta name=\"robots\" content=\"index, follow, max-snippet:-1, max-image-preview:large, max-video-preview:-1\" \/>\n<link rel=\"canonical\" href=\"https:\/\/vytal-group.com\/fr\/carrieres\/\" \/>\n<meta property=\"og:locale\" content=\"fr_FR\" \/>\n<meta property=\"og:type\" content=\"article\" \/>\n<meta property=\"og:title\" content=\"Carri\u00e8res - Vytal. Digital Infrastructure\" \/>\n<meta property=\"og:description\" content=\"Carri\u00e8res Nous pensons que le talent donne le meilleur de lui-m\u00eame lorsqu\u2019il est associ\u00e9 \u00e0 l\u2019audace et \u00e0 la passion. Nous prosp\u00e9rons sous la pression gr\u00e2ce \u00e0 une culture qui nous permet de rester agiles, d\u2019apprendre rapidement et de faire en sorte que chaque r\u00e9ussite vaille la peine d\u2019\u00eatre c\u00e9l\u00e9br\u00e9e. Notre approche globale \u00e9limine toutes [&hellip;]\" \/>\n<meta property=\"og:url\" content=\"https:\/\/vytal-group.com\/fr\/carrieres\/\" \/>\n<meta property=\"og:site_name\" content=\"Vytal. Digital Infrastructure\" \/>\n<meta property=\"article:modified_time\" content=\"2024-05-09T20:40:00+00:00\" \/>\n<meta property=\"og:image\" content=\"https:\/\/vytal-group.com\/wp-content\/uploads\/2024\/05\/border-light2.png\" \/>\n<meta name=\"twitter:card\" content=\"summary_large_image\" \/>\n<script type=\"application\/ld+json\" class=\"yoast-schema-graph\">{\"@context\":\"https:\\\/\\\/schema.org\",\"@graph\":[{\"@type\":\"WebPage\",\"@id\":\"https:\\\/\\\/vytal-group.com\\\/fr\\\/carrieres\\\/\",\"url\":\"https:\\\/\\\/vytal-group.com\\\/fr\\\/carrieres\\\/\",\"name\":\"Carri\u00e8res - Vytal. Digital Infrastructure\",\"isPartOf\":{\"@id\":\"https:\\\/\\\/scgprojects.com\\\/website_7838493b\\\/#website\"},\"primaryImageOfPage\":{\"@id\":\"https:\\\/\\\/vytal-group.com\\\/fr\\\/carrieres\\\/#primaryimage\"},\"image\":{\"@id\":\"https:\\\/\\\/vytal-group.com\\\/fr\\\/carrieres\\\/#primaryimage\"},\"thumbnailUrl\":\"https:\\\/\\\/vytal-group.com\\\/wp-content\\\/uploads\\\/2024\\\/05\\\/border-light2.png\",\"datePublished\":\"2024-04-03T16:37:16+00:00\",\"dateModified\":\"2024-05-09T20:40:00+00:00\",\"breadcrumb\":{\"@id\":\"https:\\\/\\\/vytal-group.com\\\/fr\\\/carrieres\\\/#breadcrumb\"},\"inLanguage\":\"fr-FR\",\"potentialAction\":[{\"@type\":\"ReadAction\",\"target\":[\"https:\\\/\\\/vytal-group.com\\\/fr\\\/carrieres\\\/\"]}]},{\"@type\":\"ImageObject\",\"inLanguage\":\"fr-FR\",\"@id\":\"https:\\\/\\\/vytal-group.com\\\/fr\\\/carrieres\\\/#primaryimage\",\"url\":\"https:\\\/\\\/vytal-group.com\\\/wp-content\\\/uploads\\\/2024\\\/05\\\/border-light2.png\",\"contentUrl\":\"https:\\\/\\\/vytal-group.com\\\/wp-content\\\/uploads\\\/2024\\\/05\\\/border-light2.png\"},{\"@type\":\"BreadcrumbList\",\"@id\":\"https:\\\/\\\/vytal-group.com\\\/fr\\\/carrieres\\\/#breadcrumb\",\"itemListElement\":[{\"@type\":\"ListItem\",\"position\":1,\"name\":\"Home\",\"item\":\"https:\\\/\\\/vytal-group.com\\\/fr\\\/\"},{\"@type\":\"ListItem\",\"position\":2,\"name\":\"Carri\u00e8res\"}]},{\"@type\":\"WebSite\",\"@id\":\"https:\\\/\\\/scgprojects.com\\\/website_7838493b\\\/#website\",\"url\":\"https:\\\/\\\/scgprojects.com\\\/website_7838493b\\\/\",\"name\":\"Vytal. Digital Infrastructure\",\"description\":\"End-to-End Fibre Network Design and Construction.\",\"potentialAction\":[{\"@type\":\"SearchAction\",\"target\":{\"@type\":\"EntryPoint\",\"urlTemplate\":\"https:\\\/\\\/scgprojects.com\\\/website_7838493b\\\/?s={search_term_string}\"},\"query-input\":{\"@type\":\"PropertyValueSpecification\",\"valueRequired\":true,\"valueName\":\"search_term_string\"}}],\"inLanguage\":\"fr-FR\"}]}<\/script>\n<!-- \/ Yoast SEO plugin. -->","yoast_head_json":{"title":"Carri\u00e8res - Vytal. Digital Infrastructure","robots":{"index":"index","follow":"follow","max-snippet":"max-snippet:-1","max-image-preview":"max-image-preview:large","max-video-preview":"max-video-preview:-1"},"canonical":"https:\/\/vytal-group.com\/fr\/carrieres\/","og_locale":"fr_FR","og_type":"article","og_title":"Carri\u00e8res - Vytal. Digital Infrastructure","og_description":"Carri\u00e8res Nous pensons que le talent donne le meilleur de lui-m\u00eame lorsqu\u2019il est associ\u00e9 \u00e0 l\u2019audace et \u00e0 la passion. Nous prosp\u00e9rons sous la pression gr\u00e2ce \u00e0 une culture qui nous permet de rester agiles, d\u2019apprendre rapidement et de faire en sorte que chaque r\u00e9ussite vaille la peine d\u2019\u00eatre c\u00e9l\u00e9br\u00e9e. Notre approche globale \u00e9limine toutes [&hellip;]","og_url":"https:\/\/vytal-group.com\/fr\/carrieres\/","og_site_name":"Vytal. Digital Infrastructure","article_modified_time":"2024-05-09T20:40:00+00:00","og_image":[{"url":"https:\/\/vytal-group.com\/wp-content\/uploads\/2024\/05\/border-light2.png","type":"","width":"","height":""}],"twitter_card":"summary_large_image","schema":{"@context":"https:\/\/schema.org","@graph":[{"@type":"WebPage","@id":"https:\/\/vytal-group.com\/fr\/carrieres\/","url":"https:\/\/vytal-group.com\/fr\/carrieres\/","name":"Carri\u00e8res - Vytal. Digital Infrastructure","isPartOf":{"@id":"https:\/\/scgprojects.com\/website_7838493b\/#website"},"primaryImageOfPage":{"@id":"https:\/\/vytal-group.com\/fr\/carrieres\/#primaryimage"},"image":{"@id":"https:\/\/vytal-group.com\/fr\/carrieres\/#primaryimage"},"thumbnailUrl":"https:\/\/vytal-group.com\/wp-content\/uploads\/2024\/05\/border-light2.png","datePublished":"2024-04-03T16:37:16+00:00","dateModified":"2024-05-09T20:40:00+00:00","breadcrumb":{"@id":"https:\/\/vytal-group.com\/fr\/carrieres\/#breadcrumb"},"inLanguage":"fr-FR","potentialAction":[{"@type":"ReadAction","target":["https:\/\/vytal-group.com\/fr\/carrieres\/"]}]},{"@type":"ImageObject","inLanguage":"fr-FR","@id":"https:\/\/vytal-group.com\/fr\/carrieres\/#primaryimage","url":"https:\/\/vytal-group.com\/wp-content\/uploads\/2024\/05\/border-light2.png","contentUrl":"https:\/\/vytal-group.com\/wp-content\/uploads\/2024\/05\/border-light2.png"},{"@type":"BreadcrumbList","@id":"https:\/\/vytal-group.com\/fr\/carrieres\/#breadcrumb","itemListElement":[{"@type":"ListItem","position":1,"name":"Home","item":"https:\/\/vytal-group.com\/fr\/"},{"@type":"ListItem","position":2,"name":"Carri\u00e8res"}]},{"@type":"WebSite","@id":"https:\/\/scgprojects.com\/website_7838493b\/#website","url":"https:\/\/scgprojects.com\/website_7838493b\/","name":"Vytal. Digital Infrastructure","description":"End-to-End Fibre Network Design and Construction.","potentialAction":[{"@type":"SearchAction","target":{"@type":"EntryPoint","urlTemplate":"https:\/\/scgprojects.com\/website_7838493b\/?s={search_term_string}"},"query-input":{"@type":"PropertyValueSpecification","valueRequired":true,"valueName":"search_term_string"}}],"inLanguage":"fr-FR"}]}},"_links":{"self":[{"href":"https:\/\/vytal-group.com\/fr\/wp-json\/wp\/v2\/pages\/3531","targetHints":{"allow":["GET"]}}],"collection":[{"href":"https:\/\/vytal-group.com\/fr\/wp-json\/wp\/v2\/pages"}],"about":[{"href":"https:\/\/vytal-group.com\/fr\/wp-json\/wp\/v2\/types\/page"}],"author":[{"embeddable":true,"href":"https:\/\/vytal-group.com\/fr\/wp-json\/wp\/v2\/users\/2"}],"replies":[{"embeddable":true,"href":"https:\/\/vytal-group.com\/fr\/wp-json\/wp\/v2\/comments?post=3531"}],"version-history":[{"count":0,"href":"https:\/\/vytal-group.com\/fr\/wp-json\/wp\/v2\/pages\/3531\/revisions"}],"wp:attachment":[{"href":"https:\/\/vytal-group.com\/fr\/wp-json\/wp\/v2\/media?parent=3531"}],"curies":[{"name":"wp","href":"https:\/\/api.w.org\/{rel}","templated":true}]}}